{"id":3,"date":"2024-12-12T13:04:05","date_gmt":"2024-12-12T13:04:05","guid":{"rendered":"https:\/\/etherfrontstudios.com\/?page_id=3"},"modified":"2025-03-25T13:27:55","modified_gmt":"2025-03-25T13:27:55","slug":"privacy-policy","status":"publish","type":"page","link":"https:\/\/www.etherfrontstudios.com\/es\/privacy-policy\/","title":{"rendered":"Pol\u00edtica de Privacidad"},"content":{"rendered":"<p>[et_pb_section fb_built=&#8221;1&#8243; admin_label=&#8221;section&#8221; _builder_version=&#8221;4.16&#8243; global_colors_info=&#8221;{}&#8221;][et_pb_row admin_label=&#8221;row&#8221; _builder_version=&#8221;4.16&#8243; background_size=&#8221;initial&#8221; background_position=&#8221;top_left&#8221; background_repeat=&#8221;repeat&#8221; global_colors_info=&#8221;{}&#8221;][et_pb_column type=&#8221;4_4&#8243; _builder_version=&#8221;4.16&#8243; custom_padding=&#8221;|||&#8221; global_colors_info=&#8221;{}&#8221; custom_padding__hover=&#8221;|||&#8221;][et_pb_post_title _builder_version=&#8221;4.27.4&#8243; _module_preset=&#8221;default&#8221; hover_enabled=&#8221;0&#8243; sticky_enabled=&#8221;0&#8243; meta=&#8221;off&#8221; featured_image=&#8221;off&#8221;][\/et_pb_post_title][et_pb_text admin_label=&#8221;Text&#8221; _builder_version=&#8221;4.27.4&#8243; background_size=&#8221;initial&#8221; background_position=&#8221;top_left&#8221; background_repeat=&#8221;repeat&#8221; hover_enabled=&#8221;0&#8243; global_colors_info=&#8221;{}&#8221; sticky_enabled=&#8221;0&#8243;]<\/p>\n<p><span style=\"font-weight: 400;\">Siguiendo los principios de licitud, lealtad y transparencia, ponemos a su disposici\u00f3n la presente Pol\u00edtica de Privacidad.<\/span><\/p>\n<p><span style=\"font-weight: 400;\">\u00bfQui\u00e9n es el Responsable del tratamiento de sus datos?<\/span><\/p>\n<table>\n<tbody>\n<tr>\n<td><b>RESPONSABLE<\/b><\/td>\n<td colspan=\"2\"><b>Untold Craft S.L.<\/b><\/td>\n<\/tr>\n<tr>\n<td><b>NIF<\/b><\/td>\n<td colspan=\"2\"><span style=\"font-weight: 400;\">B70780358<\/span><\/td>\n<\/tr>\n<tr>\n<td><b>DOMICILIO SOCIAL<\/b><\/td>\n<td colspan=\"2\"><b>R\u00faa Tui 11, 6\u00ba B, 36209, Vigo, Pontevedra<\/b><\/td>\n<\/tr>\n<tr>\n<td rowspan=\"2\"><b>CONTACTO<\/b><\/td>\n<td><span style=\"font-weight: 400;\">Email<\/span><\/td>\n<td><b>info<\/b><a href=\"mailto:contacto@davidpkami.com\"><b>@etherfrontstudios.com<\/b><\/a><b>\u00a0<\/b><\/td>\n<\/tr>\n<tr>\n<td><span style=\"font-weight: 400;\">Tel\u00e9fono<\/span><\/td>\n<td><b>644738357<\/b><\/td>\n<\/tr>\n<\/tbody>\n<\/table>\n<p>&nbsp;<\/p>\n<h2><span style=\"font-weight: 400;\">\u00bfCon qu\u00e9 finalidad tratamos sus datos personales?<\/span><\/h2>\n<p>\u00a0<span style=\"font-weight: 400;\">En<\/span><b> Untold Craft S.L.<\/b><span style=\"font-weight: 400;\">, dependiendo de la categor\u00eda de interesado de que se trate, tratamos la informaci\u00f3n que nos facilita con las siguientes finalidades:<\/span><\/p>\n<table>\n<tbody>\n<tr>\n<td><b>INTERESADOS<\/b><\/td>\n<td><b>FINALIDADES DEL TRATAMIENTO<\/b><\/td>\n<\/tr>\n<tr>\n<td><b>POTENCIALES CLIENTES<\/b><\/td>\n<td><span style=\"font-weight: 400;\">Gestionar la potencial relaci\u00f3n comercial y\/o profesional, gestionar el env\u00edo de informaci\u00f3n solicitada y\/o resolver las consultas planteadas, facilitar ofertas de nuestros servicios y\/o productos de su inter\u00e9s.<\/span><\/td>\n<\/tr>\n<tr>\n<td><b>CLIENTES<\/b><\/td>\n<td><span style=\"font-weight: 400;\">Gestionar la relaci\u00f3n comercial y\/o profesional, facilitar ofertas de nuestros servicios y\/o productos de su inter\u00e9s.<\/span><\/td>\n<\/tr>\n<tr>\n<td><b>PROVEEDORES<\/b><\/td>\n<td><span style=\"font-weight: 400;\">Gestionar la relaci\u00f3n comercial y\/o profesional.<\/span><\/td>\n<\/tr>\n<tr>\n<td><b>CANDIDATOS<\/b><\/td>\n<td><span style=\"font-weight: 400;\">Gestionar el proceso de selecci\u00f3n de personal.<\/span><\/td>\n<\/tr>\n<tr>\n<td><b>USUARIOS WEB<\/b><\/td>\n<td><span style=\"font-weight: 400;\">Gestionar el an\u00e1lisis de sus datos de navegaci\u00f3n.\u00a0<\/span><\/td>\n<\/tr>\n<\/tbody>\n<\/table>\n<p>&nbsp;<\/p>\n<h2><span style=\"font-weight: 400;\">\u00bfCu\u00e1l es la legitimaci\u00f3n para el tratamiento de sus datos?<\/span><\/h2>\n<p><span style=\"font-weight: 400;\">La base legal para el tratamiento de sus datos personales, dependiendo de la categor\u00eda de interesado de que se trate, puede ser:<\/span><\/p>\n<table>\n<tbody>\n<tr>\n<td><b>INTERESADOS<\/b><\/td>\n<td><b>BASE LEGAL<\/b><\/td>\n<\/tr>\n<tr>\n<td rowspan=\"3\"><b>POTENCIALES CLIENTES<\/b><\/td>\n<td><span style=\"font-weight: 400;\">Art. 6.1.b RGPD: aplicaci\u00f3n, a petici\u00f3n del interesado, de medidas precontractuales (presupuestos, hojas de encargo, ofertas de servicios\u2026).<\/span><\/td>\n<\/tr>\n<tr>\n<td><span style=\"font-weight: 400;\">Art. 6.1.f RGPD: Inter\u00e9s leg\u00edtimo (enviar informaci\u00f3n solicitada, responder a las consultas planteadas\u2026).<\/span><\/td>\n<\/tr>\n<tr>\n<td><span style=\"font-weight: 400;\">Art. 6.1.a RGPD: consentimiento del propio interesado (facilitar ofertas de nuestros servicios y\/o productos).<\/span><\/td>\n<\/tr>\n<tr>\n<td><b>CLIENTES<\/b><\/td>\n<td><span style=\"font-weight: 400;\">Art. 6.1.b RGPD: ejecuci\u00f3n de un contrato en el que el interesado es parte.<\/span><\/td>\n<\/tr>\n<tr>\n<td><b>PROVEEDORES<\/b><\/td>\n<td><span style=\"font-weight: 400;\">Art. 6.1.b RGPD: ejecuci\u00f3n de un contrato en el que el interesado es parte.<\/span><\/td>\n<\/tr>\n<tr>\n<td><b>CANDIDATOS<\/b><\/td>\n<td><span style=\"font-weight: 400;\">Art. 6.1.a RGPD: consentimiento del propio interesado.<\/span><\/td>\n<\/tr>\n<tr>\n<td><b>USUARIOS WEB\u00a0<\/b><\/td>\n<td><span style=\"font-weight: 400;\">Art. 6.1.a RGPD: consentimiento del propio interesado.<\/span><\/td>\n<\/tr>\n<\/tbody>\n<\/table>\n<p><span style=\"font-weight: 400;\">Los datos que le solicitamos son adecuados, pertinentes y estrictamente necesarios y en ning\u00fan caso est\u00e1 obligado a facilit\u00e1rnoslos, pero su no comunicaci\u00f3n podr\u00e1 afectar a la finalidad del servicio o la imposibilidad de prestarlo.\u00a0<\/span><\/p>\n<h2><span style=\"font-weight: 400;\">\u00bfPor cu\u00e1nto tiempo conservaremos sus datos personales?<\/span><\/h2>\n<p>\u00a0<span style=\"font-weight: 400;\">Sus datos, ser\u00e1n conservados el tiempo m\u00ednimo necesario para la correcta prestaci\u00f3n del servicio ofrecido as\u00ed como para atender las responsabilidades que se pudieran derivar del mismo y de cualquier otra exigencia legal.<\/span><\/p>\n<h2><span style=\"font-weight: 400;\">\u00bfA qu\u00e9 destinatarios se comunicar\u00e1n sus datos?\u00a0<\/span><\/h2>\n<p>\u00a0<b>Untold Craft S.L.<\/b><span style=\"font-weight: 400;\"> no comunicar\u00e1 sus datos a ning\u00fan tercero, salvo que se informe de ello expresamente.<\/span><\/p>\n<p>\u00a0<span style=\"font-size: 14px;\">Adicionalmente le informamos que determinados datos, en virtud de la normativa vigente o de la relaci\u00f3n contractual que mantenga con<\/span><b style=\"font-size: 14px;\"> Untold Craft S.L.<\/b><span style=\"font-size: 14px;\">, podr\u00e1n ser comunicados a:<\/span><\/p>\n<ul>\n<li style=\"font-weight: 400;\" aria-level=\"1\"><span style=\"font-weight: 400;\">Los bancos y entidades financieras para el cobro de los servicios contratados y\/o productos comprados.<\/span><\/li>\n<li style=\"font-weight: 400;\" aria-level=\"1\"><span style=\"font-weight: 400;\">Administraciones p\u00fablicas con competencia en los sectores de la actividad de<\/span><b> Untold Craft S.L.<\/b><span style=\"font-weight: 400;\">, cuando as\u00ed lo establezca la normativa vigente.<\/span><\/li>\n<\/ul>\n<h2><span style=\"font-weight: 400;\">\u00bfCu\u00e1les son sus derechos cuando nos facilita sus datos?<\/span><\/h2>\n<p><span style=\"font-weight: 400;\">Los derechos de protecci\u00f3n de datos que podr\u00e1n ejercer los interesados, cuando procedan, son:<\/span><\/p>\n<ul>\n<li style=\"font-weight: 400;\" aria-level=\"1\"><span style=\"font-weight: 400;\">Derecho a solicitar el acceso a los datos personales relativos al interesado.<\/span><\/li>\n<li style=\"font-weight: 400;\" aria-level=\"1\"><span style=\"font-weight: 400;\">Derecho de rectificaci\u00f3n o supresi\u00f3n.<\/span><\/li>\n<li style=\"font-weight: 400;\" aria-level=\"1\"><span style=\"font-weight: 400;\">Derecho de oposici\u00f3n.<\/span><\/li>\n<li style=\"font-weight: 400;\" aria-level=\"1\"><span style=\"font-weight: 400;\">Derecho a solicitar la limitaci\u00f3n de su tratamiento.<\/span><\/li>\n<li style=\"font-weight: 400;\" aria-level=\"1\"><span style=\"font-weight: 400;\">Derecho a la portabilidad de los datos.<\/span><\/li>\n<li style=\"font-weight: 400;\" aria-level=\"1\"><span style=\"font-weight: 400;\">Derecho a no ser objeto de decisiones basadas \u00fanicamente en el tratamiento automatizado de datos.<\/span><\/li>\n<\/ul>\n<p><span style=\"font-weight: 400;\">Los titulares de los datos personales obtenidos, podr\u00e1n ejercer sus derechos de protecci\u00f3n de datos personales dirigiendo una comunicaci\u00f3n por escrito al domicilio social de <\/span><b>Untold Craft S.L.<\/b> <span style=\"font-weight: 400;\">o al correo electr\u00f3nico habilitado a tal efecto, info@etherfrontstudios.com.<\/span><\/p>\n<p><span style=\"font-weight: 400;\">Modelos, formularios y m\u00e1s informaci\u00f3n disponible sobre sus derechos en la p\u00e1gina web de la autoridad de control nacional, Agencia Espa\u00f1ola de Protecci\u00f3n de Datos, en adelante, AEPD, <\/span><a href=\"http:\/\/www.aepd.es\/\"><span style=\"font-weight: 400;\">www.aepd.es<\/span> <\/a><span style=\"font-weight: 400;\">\u00a0<\/span><\/p>\n<h2><span style=\"font-weight: 400;\">\u00bfPuedo retirar el consentimiento?<\/span><\/h2>\n<p><span style=\"font-weight: 400;\">Usted tiene la posibilidad y el derecho a retirar el consentimiento para cualquier<\/span> <span style=\"font-weight: 400;\">finalidad espec\u00edfica otorgada en su momento, sin que ello afecte a la licitud del tratamiento basado en el consentimiento previo a su retirada.<\/span>\u00a0<\/p>\n<h2><span style=\"font-weight: 400;\">\u00bfD\u00f3nde puedo reclamar en caso de que considere que no se tratan mis datos correctamente?<\/span><\/h2>\n<p><span style=\"font-weight: 400;\">Si alg\u00fan interesado considera que sus datos no son tratados correctamente por <\/span><b>Untold Craft S.L.<\/b> <span style=\"font-weight: 400;\">o que las solicitudes de ejercicio de derechos no han sido atendidas de forma satisfactoria, puede interponer una reclamaci\u00f3n ante a la autoridad de protecci\u00f3n de datos que corresponda, siendo la AEPD la indicada en el territorio nacional, <\/span><a href=\"http:\/\/www.aepd.es\/\"><span style=\"font-weight: 400;\">www.aepd.es<\/span><\/a><span style=\"font-weight: 400;\">.<\/span><span style=\"font-weight: 400;\">\u00a0<\/span><\/p>\n<h2><span style=\"font-weight: 400;\">Seguridad y actualizaci\u00f3n de sus datos personales<\/span><\/h2>\n<p><span style=\"font-weight: 400;\">Con el objetivo de salvaguardar la seguridad de sus datos personales, le informamos que ha adoptado todas las medidas de \u00edndole t\u00e9cnica y organizativa necesarias para garantizar la seguridad de los datos personales suministrados. Todo ello para evitar su alteraci\u00f3n, p\u00e9rdida, y\/o tratamientos o accesos no autorizados, tal como exige la normativa, si bien la seguridad absoluta no existe.\u00a0<\/span><\/p>\n<p><span style=\"font-size: 14px;\">Es importante que, para que podamos mantener sus datos personales actualizados, nos informe siempre que se produzca una modificaci\u00f3n de los mismos.\u00a0<\/span><\/p>\n<h2><span style=\"font-weight: 400;\">Confidencialidad<\/span><\/h2>\n<p>\u00a0<b>Untold Craft S.L.<\/b><b>\u00a0 <\/b><span style=\"font-weight: 400;\">le informa que sus datos ser\u00e1n tratados con el m\u00e1ximo celo y confidencialidad por todo el personal que intervenga en cualquiera de las fases del tratamiento. No cederemos ni comunicaremos a ning\u00fan tercero sus datos, excepto en los casos legalmente previstos, o salvo que el interesado nos hubiera autorizado expresamente.<\/span><\/p>\n<p>[\/et_pb_text][\/et_pb_column][\/et_pb_row][\/et_pb_section]<\/p>\n","protected":false},"excerpt":{"rendered":"<p>Siguiendo los principios de licitud, lealtad y transparencia, ponemos a su disposici\u00f3n la presente Pol\u00edtica de Privacidad.<\/p>","protected":false},"author":1,"featured_media":23,"parent":0,"menu_order":0,"comment_status":"closed","ping_status":"closed","template":"","meta":{"_et_pb_use_builder":"on","_et_pb_old_content":"<!-- wp:heading -->\n<h2 class=\"wp-block-heading\">Who we are<\/h2>\n<!-- \/wp:heading -->\n<!-- wp:paragraph -->\n<p><strong class=\"privacy-policy-tutorial\">Suggested text: <\/strong>Our website address is: https:\/\/etherfrontstudios.com.<\/p>\n<!-- \/wp:paragraph -->\n<!-- wp:heading -->\n<h2 class=\"wp-block-heading\">Comments<\/h2>\n<!-- \/wp:heading -->\n<!-- wp:paragraph -->\n<p><strong class=\"privacy-policy-tutorial\">Suggested text: <\/strong>When visitors leave comments on the site we collect the data shown in the comments form, and also the visitor&#8217;s IP address and browser user agent string to help spam detection.<\/p>\n<!-- \/wp:paragraph -->\n<!-- wp:paragraph -->\n<p>An anonymized string created from your email address (also called a hash) may be provided to the Gravatar service to see if you are using it. The Gravatar service privacy policy is available here: https:\/\/automattic.com\/privacy\/. After approval of your comment, your profile picture is visible to the public in the context of your comment.<\/p>\n<!-- \/wp:paragraph -->\n<!-- wp:heading -->\n<h2 class=\"wp-block-heading\">Media<\/h2>\n<!-- \/wp:heading -->\n<!-- wp:paragraph -->\n<p><strong class=\"privacy-policy-tutorial\">Suggested text: <\/strong>If you upload images to the website, you should avoid uploading images with embedded location data (EXIF GPS) included. Visitors to the website can download and extract any location data from images on the website.<\/p>\n<!-- \/wp:paragraph -->\n<!-- wp:heading -->\n<h2 class=\"wp-block-heading\">Cookies<\/h2>\n<!-- \/wp:heading -->\n<!-- wp:paragraph -->\n<p><strong class=\"privacy-policy-tutorial\">Suggested text: <\/strong>If you leave a comment on our site you may opt-in to saving your name, email address and website in cookies. These are for your convenience so that you do not have to fill in your details again when you leave another comment. These cookies will last for one year.<\/p>\n<!-- \/wp:paragraph -->\n<!-- wp:paragraph -->\n<p>If you visit our login page, we will set a temporary cookie to determine if your browser accepts cookies. This cookie contains no personal data and is discarded when you close your browser.<\/p>\n<!-- \/wp:paragraph -->\n<!-- wp:paragraph -->\n<p>When you log in, we will also set up several cookies to save your login information and your screen display choices. Login cookies last for two days, and screen options cookies last for a year. If you select &quot;Remember Me&quot;, your login will persist for two weeks. If you log out of your account, the login cookies will be removed.<\/p>\n<!-- \/wp:paragraph -->\n<!-- wp:paragraph -->\n<p>If you edit or publish an article, an additional cookie will be saved in your browser. This cookie includes no personal data and simply indicates the post ID of the article you just edited. It expires after 1 day.<\/p>\n<!-- \/wp:paragraph -->\n<!-- wp:heading -->\n<h2 class=\"wp-block-heading\">Embedded content from other websites<\/h2>\n<!-- \/wp:heading -->\n<!-- wp:paragraph -->\n<p><strong class=\"privacy-policy-tutorial\">Suggested text: <\/strong>Articles on this site may include embedded content (e.g. videos, images, articles, etc.). Embedded content from other websites behaves in the exact same way as if the visitor has visited the other website.<\/p>\n<!-- \/wp:paragraph -->\n<!-- wp:paragraph -->\n<p>These websites may collect data about you, use cookies, embed additional third-party tracking, and monitor your interaction with that embedded content, including tracking your interaction with the embedded content if you have an account and are logged in to that website.<\/p>\n<!-- \/wp:paragraph -->\n<!-- wp:heading -->\n<h2 class=\"wp-block-heading\">Who we share your data with<\/h2>\n<!-- \/wp:heading -->\n<!-- wp:paragraph -->\n<p><strong class=\"privacy-policy-tutorial\">Suggested text: <\/strong>If you request a password reset, your IP address will be included in the reset email.<\/p>\n<!-- \/wp:paragraph -->\n<!-- wp:heading -->\n<h2 class=\"wp-block-heading\">How long we retain your data<\/h2>\n<!-- \/wp:heading -->\n<!-- wp:paragraph -->\n<p><strong class=\"privacy-policy-tutorial\">Suggested text: <\/strong>If you leave a comment, the comment and its metadata are retained indefinitely. This is so we can recognize and approve any follow-up comments automatically instead of holding them in a moderation queue.<\/p>\n<!-- \/wp:paragraph -->\n<!-- wp:paragraph -->\n<p>For users that register on our website (if any), we also store the personal information they provide in their user profile. All users can see, edit, or delete their personal information at any time (except they cannot change their username). Website administrators can also see and edit that information.<\/p>\n<!-- \/wp:paragraph -->\n<!-- wp:heading -->\n<h2 class=\"wp-block-heading\">What rights you have over your data<\/h2>\n<!-- \/wp:heading -->\n<!-- wp:paragraph -->\n<p><strong class=\"privacy-policy-tutorial\">Suggested text: <\/strong>If you have an account on this site, or have left comments, you can request to receive an exported file of the personal data we hold about you, including any data you have provided to us. You can also request that we erase any personal data we hold about you. This does not include any data we are obliged to keep for administrative, legal, or security purposes.<\/p>\n<!-- \/wp:paragraph -->\n<!-- wp:heading -->\n<h2 class=\"wp-block-heading\">Where your data is sent<\/h2>\n<!-- \/wp:heading -->\n<!-- wp:paragraph -->\n<p><strong class=\"privacy-policy-tutorial\">Suggested text: <\/strong>Visitor comments may be checked through an automated spam detection service.<\/p>\n<!-- \/wp:paragraph -->\n","_et_gb_content_width":"","footnotes":""},"class_list":["post-3","page","type-page","status-publish","has-post-thumbnail","hentry"],"yoast_head":"<!-- This site is optimized with the Yoast SEO plugin v27.2 - https:\/\/yoast.com\/product\/yoast-seo-wordpress\/ -->\n<title>Pol\u00edtica de Privacidad - Ether Front Studios<\/title>\n<meta name=\"robots\" content=\"index, follow, max-snippet:-1, max-image-preview:large, max-video-preview:-1\" \/>\n<link rel=\"canonical\" href=\"https:\/\/www.etherfrontstudios.com\/es\/privacy-policy\/\" \/>\n<meta property=\"og:locale\" content=\"es_ES\" \/>\n<meta property=\"og:type\" content=\"article\" \/>\n<meta property=\"og:title\" content=\"Pol\u00edtica de Privacidad - Ether Front Studios\" \/>\n<meta property=\"og:description\" content=\"Siguiendo los principios de licitud, lealtad y transparencia, ponemos a su disposici\u00f3n la presente Pol\u00edtica de Privacidad.\" \/>\n<meta property=\"og:url\" content=\"https:\/\/www.etherfrontstudios.com\/es\/privacy-policy\/\" \/>\n<meta property=\"og:site_name\" content=\"Ether Front Studios\" \/>\n<meta property=\"article:modified_time\" content=\"2025-03-25T13:27:55+00:00\" \/>\n<meta property=\"og:image\" content=\"https:\/\/www.etherfrontstudios.com\/wp-content\/uploads\/2024\/12\/cropped-avatar-rrss-03.png\" \/>\n\t<meta property=\"og:image:width\" content=\"512\" \/>\n\t<meta property=\"og:image:height\" content=\"512\" \/>\n\t<meta property=\"og:image:type\" content=\"image\/png\" \/>\n<meta name=\"twitter:card\" content=\"summary_large_image\" \/>\n<meta name=\"twitter:label1\" content=\"Tiempo de lectura\" \/>\n\t<meta name=\"twitter:data1\" content=\"5 minutos\" \/>\n<script type=\"application\/ld+json\" class=\"yoast-schema-graph\">{\"@context\":\"https:\/\/schema.org\",\"@graph\":[{\"@type\":\"WebPage\",\"@id\":\"https:\/\/www.etherfrontstudios.com\/privacy-policy\/\",\"url\":\"https:\/\/www.etherfrontstudios.com\/privacy-policy\/\",\"name\":\"Pol\u00edtica de Privacidad - Ether Front Studios\",\"isPartOf\":{\"@id\":\"https:\/\/www.etherfrontstudios.com\/#website\"},\"primaryImageOfPage\":{\"@id\":\"https:\/\/www.etherfrontstudios.com\/privacy-policy\/#primaryimage\"},\"image\":{\"@id\":\"https:\/\/www.etherfrontstudios.com\/privacy-policy\/#primaryimage\"},\"thumbnailUrl\":\"https:\/\/www.etherfrontstudios.com\/wp-content\/uploads\/2024\/12\/cropped-avatar-rrss-03.png\",\"datePublished\":\"2024-12-12T13:04:05+00:00\",\"dateModified\":\"2025-03-25T13:27:55+00:00\",\"breadcrumb\":{\"@id\":\"https:\/\/www.etherfrontstudios.com\/privacy-policy\/#breadcrumb\"},\"inLanguage\":\"es\",\"potentialAction\":[{\"@type\":\"ReadAction\",\"target\":[\"https:\/\/www.etherfrontstudios.com\/privacy-policy\/\"]}]},{\"@type\":\"ImageObject\",\"inLanguage\":\"es\",\"@id\":\"https:\/\/www.etherfrontstudios.com\/privacy-policy\/#primaryimage\",\"url\":\"https:\/\/www.etherfrontstudios.com\/wp-content\/uploads\/2024\/12\/cropped-avatar-rrss-03.png\",\"contentUrl\":\"https:\/\/www.etherfrontstudios.com\/wp-content\/uploads\/2024\/12\/cropped-avatar-rrss-03.png\",\"width\":512,\"height\":512},{\"@type\":\"BreadcrumbList\",\"@id\":\"https:\/\/www.etherfrontstudios.com\/privacy-policy\/#breadcrumb\",\"itemListElement\":[{\"@type\":\"ListItem\",\"position\":1,\"name\":\"Portada\",\"item\":\"https:\/\/www.etherfrontstudios.com\/\"},{\"@type\":\"ListItem\",\"position\":2,\"name\":\"Pol\u00edtica de Privacidad\"}]},{\"@type\":\"WebSite\",\"@id\":\"https:\/\/www.etherfrontstudios.com\/#website\",\"url\":\"https:\/\/www.etherfrontstudios.com\/\",\"name\":\"Ether Front Studios\",\"description\":\"\",\"potentialAction\":[{\"@type\":\"SearchAction\",\"target\":{\"@type\":\"EntryPoint\",\"urlTemplate\":\"https:\/\/www.etherfrontstudios.com\/?s={search_term_string}\"},\"query-input\":{\"@type\":\"PropertyValueSpecification\",\"valueRequired\":true,\"valueName\":\"search_term_string\"}}],\"inLanguage\":\"es\"}]}<\/script>\n<!-- \/ Yoast SEO plugin. -->","yoast_head_json":{"title":"Pol\u00edtica de Privacidad - Ether Front Studios","robots":{"index":"index","follow":"follow","max-snippet":"max-snippet:-1","max-image-preview":"max-image-preview:large","max-video-preview":"max-video-preview:-1"},"canonical":"https:\/\/www.etherfrontstudios.com\/es\/privacy-policy\/","og_locale":"es_ES","og_type":"article","og_title":"Pol\u00edtica de Privacidad - Ether Front Studios","og_description":"Siguiendo los principios de licitud, lealtad y transparencia, ponemos a su disposici\u00f3n la presente Pol\u00edtica de Privacidad.","og_url":"https:\/\/www.etherfrontstudios.com\/es\/privacy-policy\/","og_site_name":"Ether Front Studios","article_modified_time":"2025-03-25T13:27:55+00:00","og_image":[{"width":512,"height":512,"url":"https:\/\/www.etherfrontstudios.com\/wp-content\/uploads\/2024\/12\/cropped-avatar-rrss-03.png","type":"image\/png"}],"twitter_card":"summary_large_image","twitter_misc":{"Tiempo de lectura":"5 minutos"},"schema":{"@context":"https:\/\/schema.org","@graph":[{"@type":"WebPage","@id":"https:\/\/www.etherfrontstudios.com\/privacy-policy\/","url":"https:\/\/www.etherfrontstudios.com\/privacy-policy\/","name":"Pol\u00edtica de Privacidad - Ether Front Studios","isPartOf":{"@id":"https:\/\/www.etherfrontstudios.com\/#website"},"primaryImageOfPage":{"@id":"https:\/\/www.etherfrontstudios.com\/privacy-policy\/#primaryimage"},"image":{"@id":"https:\/\/www.etherfrontstudios.com\/privacy-policy\/#primaryimage"},"thumbnailUrl":"https:\/\/www.etherfrontstudios.com\/wp-content\/uploads\/2024\/12\/cropped-avatar-rrss-03.png","datePublished":"2024-12-12T13:04:05+00:00","dateModified":"2025-03-25T13:27:55+00:00","breadcrumb":{"@id":"https:\/\/www.etherfrontstudios.com\/privacy-policy\/#breadcrumb"},"inLanguage":"es","potentialAction":[{"@type":"ReadAction","target":["https:\/\/www.etherfrontstudios.com\/privacy-policy\/"]}]},{"@type":"ImageObject","inLanguage":"es","@id":"https:\/\/www.etherfrontstudios.com\/privacy-policy\/#primaryimage","url":"https:\/\/www.etherfrontstudios.com\/wp-content\/uploads\/2024\/12\/cropped-avatar-rrss-03.png","contentUrl":"https:\/\/www.etherfrontstudios.com\/wp-content\/uploads\/2024\/12\/cropped-avatar-rrss-03.png","width":512,"height":512},{"@type":"BreadcrumbList","@id":"https:\/\/www.etherfrontstudios.com\/privacy-policy\/#breadcrumb","itemListElement":[{"@type":"ListItem","position":1,"name":"Portada","item":"https:\/\/www.etherfrontstudios.com\/"},{"@type":"ListItem","position":2,"name":"Pol\u00edtica de Privacidad"}]},{"@type":"WebSite","@id":"https:\/\/www.etherfrontstudios.com\/#website","url":"https:\/\/www.etherfrontstudios.com\/","name":"Ether Front Studios","description":"","potentialAction":[{"@type":"SearchAction","target":{"@type":"EntryPoint","urlTemplate":"https:\/\/www.etherfrontstudios.com\/?s={search_term_string}"},"query-input":{"@type":"PropertyValueSpecification","valueRequired":true,"valueName":"search_term_string"}}],"inLanguage":"es"}]}},"_links":{"self":[{"href":"https:\/\/www.etherfrontstudios.com\/es\/wp-json\/wp\/v2\/pages\/3","targetHints":{"allow":["GET"]}}],"collection":[{"href":"https:\/\/www.etherfrontstudios.com\/es\/wp-json\/wp\/v2\/pages"}],"about":[{"href":"https:\/\/www.etherfrontstudios.com\/es\/wp-json\/wp\/v2\/types\/page"}],"author":[{"embeddable":true,"href":"https:\/\/www.etherfrontstudios.com\/es\/wp-json\/wp\/v2\/users\/1"}],"replies":[{"embeddable":true,"href":"https:\/\/www.etherfrontstudios.com\/es\/wp-json\/wp\/v2\/comments?post=3"}],"version-history":[{"count":3,"href":"https:\/\/www.etherfrontstudios.com\/es\/wp-json\/wp\/v2\/pages\/3\/revisions"}],"predecessor-version":[{"id":194,"href":"https:\/\/www.etherfrontstudios.com\/es\/wp-json\/wp\/v2\/pages\/3\/revisions\/194"}],"wp:featuredmedia":[{"embeddable":true,"href":"https:\/\/www.etherfrontstudios.com\/es\/wp-json\/wp\/v2\/media\/23"}],"wp:attachment":[{"href":"https:\/\/www.etherfrontstudios.com\/es\/wp-json\/wp\/v2\/media?parent=3"}],"curies":[{"name":"wp","href":"https:\/\/api.w.org\/{rel}","templated":true}]}}